{"id":2,"date":"2026-04-28T22:47:25","date_gmt":"2026-04-28T22:47:25","guid":{"rendered":"https:\/\/pataporte.cl\/?page_id=2"},"modified":"2026-04-28T23:33:06","modified_gmt":"2026-04-28T23:33:06","slug":"encuesta","status":"publish","type":"page","link":"https:\/\/pataporte.cl\/?page_id=2","title":{"rendered":"Encuesta"},"content":{"rendered":"\n<p>Agradecemos much\u00edsimo tu tiempo en responder esta encuesta. Te prometemos que no te tomar\u00e1 m\u00e1s de 2 minutos! <\/p>\n\n\n\n<p>Recuerda que nos ayudar\u00eda much\u00edsimo que compartas esta encuesta con tus amigos y conocidos.<\/p>\n\n\n\n<p><\/p>\n\n\n<style id=\"wpforms-css-vars-9-block-373f63de-45fa-435f-9996-369ab9d51c08\">\n\t\t\t\t#wpforms-9.wpforms-block-373f63de-45fa-435f-9996-369ab9d51c08 {\n\t\t\t\t--wpforms-field-size-input-height: 43px;\n--wpforms-field-size-input-spacing: 15px;\n--wpforms-field-size-font-size: 16px;\n--wpforms-field-size-line-height: 19px;\n--wpforms-field-size-padding-h: 14px;\n--wpforms-field-size-checkbox-size: 16px;\n--wpforms-field-size-sublabel-spacing: 5px;\n--wpforms-field-size-icon-size: 1;\n--wpforms-label-size-font-size: 16px;\n--wpforms-label-size-line-height: 19px;\n--wpforms-label-size-sublabel-font-size: 14px;\n--wpforms-label-size-sublabel-line-height: 17px;\n--wpforms-button-size-font-size: 17px;\n--wpforms-button-size-height: 41px;\n--wpforms-button-size-padding-h: 15px;\n--wpforms-button-size-margin-top: 10px;\n\t\t\t}\n\t\t\t<\/style><div class=\"wpforms-container wpforms-container-full wpforms-block wpforms-block-373f63de-45fa-435f-9996-369ab9d51c08 wpforms-render-modern\" id=\"wpforms-9\"><form id=\"wpforms-form-9\" class=\"wpforms-validate wpforms-form wpforms-ajax-form\" data-formid=\"9\" method=\"post\" enctype=\"multipart\/form-data\" action=\"\/index.php?rest_route=%2Fwp%2Fv2%2Fpages%2F2\" data-token=\"59c865d0ac1cf5236c75c41f89b1823c\" data-token-time=\"1777429864\"><noscript class=\"wpforms-error-noscript\">Por favor, activa JavaScript en tu navegador para completar este formulario.<\/noscript><div id=\"wpforms-error-noscript\" style=\"display: none;\">Por favor, activa JavaScript en tu navegador para completar este formulario.<\/div><div class=\"wpforms-field-container\"><div id=\"wpforms-9-field_3-container\" class=\"wpforms-field wpforms-field-checkbox\" data-field-id=\"3\"><fieldset><legend class=\"wpforms-field-label\">\u00bfQu\u00e9 mascota tienes?<\/legend><ul id=\"wpforms-9-field_3\"><li class=\"choice-1 depth-1\"><input type=\"checkbox\" id=\"wpforms-9-field_3_1\" name=\"wpforms[fields][3][]\" value=\"Perro\" aria-errormessage=\"wpforms-9-field_3_1-error\" aria-describedby=\"wpforms-9-field_3-description\"  ><label class=\"wpforms-field-label-inline\" for=\"wpforms-9-field_3_1\">Perro<\/label><\/li><li class=\"choice-2 depth-1\"><input type=\"checkbox\" id=\"wpforms-9-field_3_2\" name=\"wpforms[fields][3][]\" value=\"Gato\" aria-errormessage=\"wpforms-9-field_3_2-error\" aria-describedby=\"wpforms-9-field_3-description\"  ><label class=\"wpforms-field-label-inline\" for=\"wpforms-9-field_3_2\">Gato<\/label><\/li><li class=\"choice-3 depth-1\"><input type=\"checkbox\" id=\"wpforms-9-field_3_3\" name=\"wpforms[fields][3][]\" value=\"Otros\" aria-errormessage=\"wpforms-9-field_3_3-error\" aria-describedby=\"wpforms-9-field_3-description\"  ><label class=\"wpforms-field-label-inline\" for=\"wpforms-9-field_3_3\">Otros<\/label><\/li><\/ul><div id=\"wpforms-9-field_3-description\" class=\"wpforms-field-description\">Puedes elegir una o m\u00e1s opciones para avanzar<\/div><\/fieldset><\/div><div id=\"wpforms-9-field_15-container\" class=\"wpforms-field wpforms-field-radio\" data-field-id=\"15\"><fieldset><legend class=\"wpforms-field-label\">\u00bfConsidera usted a su o sus mascotas como parte integral de su n\u00facleo familiar?<\/legend><ul id=\"wpforms-9-field_15\"><li class=\"choice-1 depth-1\"><input type=\"radio\" id=\"wpforms-9-field_15_1\" name=\"wpforms[fields][15]\" value=\"Totalmente de acuerdo\" aria-errormessage=\"wpforms-9-field_15_1-error\" aria-describedby=\"wpforms-9-field_15-description\"  ><label class=\"wpforms-field-label-inline\" for=\"wpforms-9-field_15_1\">Totalmente de acuerdo<\/label><\/li><li class=\"choice-2 depth-1\"><input type=\"radio\" id=\"wpforms-9-field_15_2\" name=\"wpforms[fields][15]\" value=\"De acuerdo\" aria-errormessage=\"wpforms-9-field_15_2-error\" aria-describedby=\"wpforms-9-field_15-description\"  ><label class=\"wpforms-field-label-inline\" for=\"wpforms-9-field_15_2\">De acuerdo<\/label><\/li><li class=\"choice-3 depth-1\"><input type=\"radio\" id=\"wpforms-9-field_15_3\" name=\"wpforms[fields][15]\" value=\"En desacuerdo\" aria-errormessage=\"wpforms-9-field_15_3-error\" aria-describedby=\"wpforms-9-field_15-description\"  ><label class=\"wpforms-field-label-inline\" for=\"wpforms-9-field_15_3\">En desacuerdo<\/label><\/li><li class=\"choice-4 depth-1\"><input type=\"radio\" id=\"wpforms-9-field_15_4\" name=\"wpforms[fields][15]\" value=\"Totalmente en desacuerdo\" aria-errormessage=\"wpforms-9-field_15_4-error\" aria-describedby=\"wpforms-9-field_15-description\"  ><label class=\"wpforms-field-label-inline\" for=\"wpforms-9-field_15_4\">Totalmente en desacuerdo<\/label><\/li><\/ul><div id=\"wpforms-9-field_15-description\" class=\"wpforms-field-description\">Debes elegir solo una opci\u00f3n para avanzar<\/div><\/fieldset><\/div>\t\t<div id=\"wpforms-9-field_1-container\"\n\t\t\tclass=\"wpforms-field wpforms-field-text\"\n\t\t\tdata-field-type=\"text\"\n\t\t\tdata-field-id=\"1\"\n\t\t\t>\n\t\t\t<label class=\"wpforms-field-label\" for=\"wpforms-9-field_1\" >dinero a en<\/label>\n\t\t\t<input type=\"text\" id=\"wpforms-9-field_1\" class=\"wpforms-field-medium\" name=\"wpforms[fields][1]\" >\n\t\t<\/div>\n\t\t<div id=\"wpforms-9-field_5-container\" class=\"wpforms-field wpforms-field-checkbox\" data-field-id=\"5\"><fieldset><legend class=\"wpforms-field-label\">\u00bfCu\u00e1l fue el origen de su o sus mascotas actuales?<\/legend><ul id=\"wpforms-9-field_5\"><li class=\"choice-1 depth-1\"><input type=\"checkbox\" id=\"wpforms-9-field_5_1\" name=\"wpforms[fields][5][]\" value=\"Adopci\u00f3n en Fundaci\u00f3n o Refugio\" aria-errormessage=\"wpforms-9-field_5_1-error\" aria-describedby=\"wpforms-9-field_5-description\"  ><label class=\"wpforms-field-label-inline\" for=\"wpforms-9-field_5_1\">Adopci\u00f3n en Fundaci\u00f3n o Refugio<\/label><\/li><li class=\"choice-2 depth-1\"><input type=\"checkbox\" id=\"wpforms-9-field_5_2\" name=\"wpforms[fields][5][]\" value=\"Compra a criador formal\/informal\" aria-errormessage=\"wpforms-9-field_5_2-error\" aria-describedby=\"wpforms-9-field_5-description\"  ><label class=\"wpforms-field-label-inline\" for=\"wpforms-9-field_5_2\">Compra a criador formal\/informal<\/label><\/li><li class=\"choice-3 depth-1\"><input type=\"checkbox\" id=\"wpforms-9-field_5_3\" name=\"wpforms[fields][5][]\" value=\"Rescate directo de la calle\" aria-errormessage=\"wpforms-9-field_5_3-error\" aria-describedby=\"wpforms-9-field_5-description\"  ><label class=\"wpforms-field-label-inline\" for=\"wpforms-9-field_5_3\">Rescate directo de la calle<\/label><\/li><li class=\"choice-4 depth-1\"><input type=\"checkbox\" id=\"wpforms-9-field_5_4\" name=\"wpforms[fields][5][]\" value=\"Regalo de un familiar o conocido\" aria-errormessage=\"wpforms-9-field_5_4-error\" aria-describedby=\"wpforms-9-field_5-description\"  ><label class=\"wpforms-field-label-inline\" for=\"wpforms-9-field_5_4\">Regalo de un familiar o conocido<\/label><\/li><\/ul><div id=\"wpforms-9-field_5-description\" class=\"wpforms-field-description\">Puedes elegir una o m\u00e1s opciones para avanzar<\/div><\/fieldset><\/div><div id=\"wpforms-9-field_6-container\" class=\"wpforms-field wpforms-field-checkbox\" data-field-id=\"6\"><fieldset><legend class=\"wpforms-field-label\">\u00bfEst\u00e1 su mascota inscrita en el Registro Nacional de Mascotas (Microchip)?<\/legend><ul id=\"wpforms-9-field_6\"><li class=\"choice-1 depth-1\"><input type=\"checkbox\" id=\"wpforms-9-field_6_1\" name=\"wpforms[fields][6][]\" value=\"S\u00ed, todas est\u00e1n inscritas\" aria-errormessage=\"wpforms-9-field_6_1-error\" aria-describedby=\"wpforms-9-field_6-description\"  ><label class=\"wpforms-field-label-inline\" for=\"wpforms-9-field_6_1\">S\u00ed, todas est\u00e1n inscritas<\/label><\/li><li class=\"choice-2 depth-1\"><input type=\"checkbox\" id=\"wpforms-9-field_6_2\" name=\"wpforms[fields][6][]\" value=\"Algunas tiene Chip y algunas est\u00e1n inscritas\" aria-errormessage=\"wpforms-9-field_6_2-error\" aria-describedby=\"wpforms-9-field_6-description\"  ><label class=\"wpforms-field-label-inline\" for=\"wpforms-9-field_6_2\">Algunas tiene Chip y algunas est\u00e1n inscritas<\/label><\/li><li class=\"choice-3 depth-1\"><input type=\"checkbox\" id=\"wpforms-9-field_6_3\" name=\"wpforms[fields][6][]\" value=\"No tienen chip ni inscripci\u00f3n\" aria-errormessage=\"wpforms-9-field_6_3-error\" aria-describedby=\"wpforms-9-field_6-description\"  ><label class=\"wpforms-field-label-inline\" for=\"wpforms-9-field_6_3\">No tienen chip ni inscripci\u00f3n<\/label><\/li><li class=\"choice-4 depth-1\"><input type=\"checkbox\" id=\"wpforms-9-field_6_4\" name=\"wpforms[fields][6][]\" value=\"No estoy seguro\" aria-errormessage=\"wpforms-9-field_6_4-error\" aria-describedby=\"wpforms-9-field_6-description\"  ><label class=\"wpforms-field-label-inline\" for=\"wpforms-9-field_6_4\">No estoy seguro<\/label><\/li><\/ul><div id=\"wpforms-9-field_6-description\" class=\"wpforms-field-description\">Puedes elegir una o m\u00e1s opciones para avanzar<\/div><\/fieldset><\/div><div id=\"wpforms-9-field_7-container\" class=\"wpforms-field wpforms-field-checkbox\" data-field-id=\"7\"><fieldset><legend class=\"wpforms-field-label\">\u00bfD\u00f3nde guarda habitualmente el carnet de vacunaci\u00f3n y registros m\u00e9dicos de su mascota?<\/legend><ul id=\"wpforms-9-field_7\"><li class=\"choice-1 depth-1\"><input type=\"checkbox\" id=\"wpforms-9-field_7_1\" name=\"wpforms[fields][7][]\" value=\"Documento f\u00edsico (papel) en casa\" aria-errormessage=\"wpforms-9-field_7_1-error\" aria-describedby=\"wpforms-9-field_7-description\"  ><label class=\"wpforms-field-label-inline\" for=\"wpforms-9-field_7_1\">Documento f\u00edsico (papel) en casa<\/label><\/li><li class=\"choice-2 depth-1\"><input type=\"checkbox\" id=\"wpforms-9-field_7_2\" name=\"wpforms[fields][7][]\" value=\"Fotos o archivos en el celular\" aria-errormessage=\"wpforms-9-field_7_2-error\" aria-describedby=\"wpforms-9-field_7-description\"  ><label class=\"wpforms-field-label-inline\" for=\"wpforms-9-field_7_2\">Fotos o archivos en el celular<\/label><\/li><li class=\"choice-3 depth-1\"><input type=\"checkbox\" id=\"wpforms-9-field_7_3\" name=\"wpforms[fields][7][]\" value=\"Lo guarda mi veterinario habitual\" aria-errormessage=\"wpforms-9-field_7_3-error\" aria-describedby=\"wpforms-9-field_7-description\"  ><label class=\"wpforms-field-label-inline\" for=\"wpforms-9-field_7_3\">Lo guarda mi veterinario habitual<\/label><\/li><li class=\"choice-4 depth-1\"><input type=\"checkbox\" id=\"wpforms-9-field_7_4\" name=\"wpforms[fields][7][]\" value=\"No estoy seguro\" aria-errormessage=\"wpforms-9-field_7_4-error\" aria-describedby=\"wpforms-9-field_7-description\"  ><label class=\"wpforms-field-label-inline\" for=\"wpforms-9-field_7_4\">No estoy seguro<\/label><\/li><\/ul><div id=\"wpforms-9-field_7-description\" class=\"wpforms-field-description\">Puedes elegir una o m\u00e1s opciones para avanzar<\/div><\/fieldset><\/div><div id=\"wpforms-9-field_14-container\" class=\"wpforms-field wpforms-field-checkbox\" data-field-id=\"14\"><fieldset><legend class=\"wpforms-field-label\">\u00bfD\u00f3nde compra habitualmente el alimento de su mascota?<\/legend><ul id=\"wpforms-9-field_14\"><li class=\"choice-1 depth-1\"><input type=\"checkbox\" id=\"wpforms-9-field_14_1\" name=\"wpforms[fields][14][]\" value=\"Supermercado\" aria-errormessage=\"wpforms-9-field_14_1-error\" aria-describedby=\"wpforms-9-field_14-description\"  ><label class=\"wpforms-field-label-inline\" for=\"wpforms-9-field_14_1\">Supermercado<\/label><\/li><li class=\"choice-2 depth-1\"><input type=\"checkbox\" id=\"wpforms-9-field_14_2\" name=\"wpforms[fields][14][]\" value=\"Pet Shop o tienda especializada\" aria-errormessage=\"wpforms-9-field_14_2-error\" aria-describedby=\"wpforms-9-field_14-description\"  ><label class=\"wpforms-field-label-inline\" for=\"wpforms-9-field_14_2\">Pet Shop o tienda especializada<\/label><\/li><li class=\"choice-3 depth-1\"><input type=\"checkbox\" id=\"wpforms-9-field_14_3\" name=\"wpforms[fields][14][]\" value=\"Cl\u00ednica Veterinaria\" aria-errormessage=\"wpforms-9-field_14_3-error\" aria-describedby=\"wpforms-9-field_14-description\"  ><label class=\"wpforms-field-label-inline\" for=\"wpforms-9-field_14_3\">Cl\u00ednica Veterinaria<\/label><\/li><li class=\"choice-4 depth-1\"><input type=\"checkbox\" id=\"wpforms-9-field_14_4\" name=\"wpforms[fields][14][]\" value=\"Compra online con despacho\" aria-errormessage=\"wpforms-9-field_14_4-error\" aria-describedby=\"wpforms-9-field_14-description\"  ><label class=\"wpforms-field-label-inline\" for=\"wpforms-9-field_14_4\">Compra online con despacho<\/label><\/li><\/ul><div id=\"wpforms-9-field_14-description\" class=\"wpforms-field-description\">Puede elegir una o m\u00e1s opciones para avanzar<\/div><\/fieldset><\/div><div id=\"wpforms-9-field_9-container\" class=\"wpforms-field wpforms-field-radio\" data-field-id=\"9\"><fieldset><legend class=\"wpforms-field-label\">\u00bfCu\u00e1l es el factor m\u00e1s decisivo al elegir d\u00f3nde comprar productos para su mascota?<\/legend><ul id=\"wpforms-9-field_9\"><li class=\"choice-1 depth-1\"><input type=\"radio\" id=\"wpforms-9-field_9_1\" name=\"wpforms[fields][9]\" value=\"El precio m\u00e1s bajo\" aria-errormessage=\"wpforms-9-field_9_1-error\" aria-describedby=\"wpforms-9-field_9-description\"  ><label class=\"wpforms-field-label-inline\" for=\"wpforms-9-field_9_1\">El precio m\u00e1s bajo<\/label><\/li><li class=\"choice-2 depth-1\"><input type=\"radio\" id=\"wpforms-9-field_9_2\" name=\"wpforms[fields][9]\" value=\"La cercan\u00eda o rapidez de entrega\" aria-errormessage=\"wpforms-9-field_9_2-error\" aria-describedby=\"wpforms-9-field_9-description\"  ><label class=\"wpforms-field-label-inline\" for=\"wpforms-9-field_9_2\">La cercan\u00eda o rapidez de entrega<\/label><\/li><li class=\"choice-3 depth-1\"><input type=\"radio\" id=\"wpforms-9-field_9_3\" name=\"wpforms[fields][9]\" value=\"La marca espec\u00edfica que busco\" aria-errormessage=\"wpforms-9-field_9_3-error\" aria-describedby=\"wpforms-9-field_9-description\"  ><label class=\"wpforms-field-label-inline\" for=\"wpforms-9-field_9_3\">La marca espec\u00edfica que busco<\/label><\/li><li class=\"choice-4 depth-1\"><input type=\"radio\" id=\"wpforms-9-field_9_4\" name=\"wpforms[fields][9]\" value=\"Beneficios de fidelidad o puntos\" aria-errormessage=\"wpforms-9-field_9_4-error\" aria-describedby=\"wpforms-9-field_9-description\"  ><label class=\"wpforms-field-label-inline\" for=\"wpforms-9-field_9_4\">Beneficios de fidelidad o puntos<\/label><\/li><\/ul><div id=\"wpforms-9-field_9-description\" class=\"wpforms-field-description\">Debes elegir solo una opci\u00f3n para avanzar<\/div><\/fieldset><\/div><div id=\"wpforms-9-field_11-container\" class=\"wpforms-field wpforms-field-radio\" data-field-id=\"11\"><fieldset><legend class=\"wpforms-field-label\">\u00bfHa enfrentado gastos m\u00e9dicos inesperados superiores a $150.000 en el \u00faltimo a\u00f1o?<\/legend><ul id=\"wpforms-9-field_11\"><li class=\"choice-1 depth-1\"><input type=\"radio\" id=\"wpforms-9-field_11_1\" name=\"wpforms[fields][11]\" value=\"S\u00ed, en m\u00e1s de una ocasi\u00f3n\" aria-errormessage=\"wpforms-9-field_11_1-error\" aria-describedby=\"wpforms-9-field_11-description\"  ><label class=\"wpforms-field-label-inline\" for=\"wpforms-9-field_11_1\">S\u00ed, en m\u00e1s de una ocasi\u00f3n<\/label><\/li><li class=\"choice-2 depth-1\"><input type=\"radio\" id=\"wpforms-9-field_11_2\" name=\"wpforms[fields][11]\" value=\"S\u00ed, una vez\" aria-errormessage=\"wpforms-9-field_11_2-error\" aria-describedby=\"wpforms-9-field_11-description\"  ><label class=\"wpforms-field-label-inline\" for=\"wpforms-9-field_11_2\">S\u00ed, una vez<\/label><\/li><li class=\"choice-3 depth-1\"><input type=\"radio\" id=\"wpforms-9-field_11_3\" name=\"wpforms[fields][11]\" value=\"No, pero me preocupa que ocurra\" aria-errormessage=\"wpforms-9-field_11_3-error\" aria-describedby=\"wpforms-9-field_11-description\"  ><label class=\"wpforms-field-label-inline\" for=\"wpforms-9-field_11_3\">No, pero me preocupa que ocurra<\/label><\/li><li class=\"choice-4 depth-1\"><input type=\"radio\" id=\"wpforms-9-field_11_4\" name=\"wpforms[fields][11]\" value=\"No me preocupa\" aria-errormessage=\"wpforms-9-field_11_4-error\" aria-describedby=\"wpforms-9-field_11-description\"  ><label class=\"wpforms-field-label-inline\" for=\"wpforms-9-field_11_4\">No me preocupa<\/label><\/li><\/ul><div id=\"wpforms-9-field_11-description\" class=\"wpforms-field-description\">Debes elegir solo una opci\u00f3n para avanzar<\/div><\/fieldset><\/div><div id=\"wpforms-9-field_12-container\" class=\"wpforms-field wpforms-field-radio\" data-field-id=\"12\"><fieldset><legend class=\"wpforms-field-label\">\u00bfCuenta alguna de sus mascotas con seguro de salud o accidentes actualmente?<\/legend><ul id=\"wpforms-9-field_12\"><li class=\"choice-1 depth-1\"><input type=\"radio\" id=\"wpforms-9-field_12_1\" name=\"wpforms[fields][12]\" value=\"S\u00ed\" aria-errormessage=\"wpforms-9-field_12_1-error\" aria-describedby=\"wpforms-9-field_12-description\"  ><label class=\"wpforms-field-label-inline\" for=\"wpforms-9-field_12_1\">S\u00ed<\/label><\/li><li class=\"choice-2 depth-1\"><input type=\"radio\" id=\"wpforms-9-field_12_2\" name=\"wpforms[fields][12]\" value=\"No, pero estoy buscando uno\" aria-errormessage=\"wpforms-9-field_12_2-error\" aria-describedby=\"wpforms-9-field_12-description\"  ><label class=\"wpforms-field-label-inline\" for=\"wpforms-9-field_12_2\">No, pero estoy buscando uno<\/label><\/li><li class=\"choice-3 depth-1\"><input type=\"radio\" id=\"wpforms-9-field_12_3\" name=\"wpforms[fields][12]\" value=\"No, me parecen caros o complicados\" aria-errormessage=\"wpforms-9-field_12_3-error\" aria-describedby=\"wpforms-9-field_12-description\"  ><label class=\"wpforms-field-label-inline\" for=\"wpforms-9-field_12_3\">No, me parecen caros o complicados<\/label><\/li><li class=\"choice-4 depth-1\"><input type=\"radio\" id=\"wpforms-9-field_12_4\" name=\"wpforms[fields][12]\" value=\"No conozco este tipo de servicios\" aria-errormessage=\"wpforms-9-field_12_4-error\" aria-describedby=\"wpforms-9-field_12-description\"  ><label class=\"wpforms-field-label-inline\" for=\"wpforms-9-field_12_4\">No conozco este tipo de servicios<\/label><\/li><\/ul><div id=\"wpforms-9-field_12-description\" class=\"wpforms-field-description\">Debes elegir solo una opci\u00f3n para avanzar<\/div><\/fieldset><\/div><div id=\"wpforms-9-field_13-container\" class=\"wpforms-field wpforms-field-radio\" data-field-id=\"13\"><fieldset><legend class=\"wpforms-field-label\">\u00bfHa donado o ha querido donar dinero a alguna fundaci\u00f3n de rescate animal en el \u00faltimo a\u00f1o?<\/legend><ul id=\"wpforms-9-field_13\"><li class=\"choice-1 depth-1\"><input type=\"radio\" id=\"wpforms-9-field_13_1\" name=\"wpforms[fields][13]\" value=\"Si\" aria-errormessage=\"wpforms-9-field_13_1-error\" aria-describedby=\"wpforms-9-field_13-description\"  ><label class=\"wpforms-field-label-inline\" for=\"wpforms-9-field_13_1\">Si<\/label><\/li><li class=\"choice-2 depth-1\"><input type=\"radio\" id=\"wpforms-9-field_13_2\" name=\"wpforms[fields][13]\" value=\"No, pero me gustar\u00eda hacerlo\" aria-errormessage=\"wpforms-9-field_13_2-error\" aria-describedby=\"wpforms-9-field_13-description\"  ><label class=\"wpforms-field-label-inline\" for=\"wpforms-9-field_13_2\">No, pero me gustar\u00eda hacerlo<\/label><\/li><li class=\"choice-3 depth-1\"><input type=\"radio\" id=\"wpforms-9-field_13_3\" name=\"wpforms[fields][13]\" value=\"No, no conf\u00edo en las fundaciones\" aria-errormessage=\"wpforms-9-field_13_3-error\" aria-describedby=\"wpforms-9-field_13-description\"  ><label class=\"wpforms-field-label-inline\" for=\"wpforms-9-field_13_3\">No, no conf\u00edo en las fundaciones<\/label><\/li><\/ul><div id=\"wpforms-9-field_13-description\" class=\"wpforms-field-description\">Debes elegir solo una opci\u00f3n para avanzar<\/div><\/fieldset><\/div><div id=\"wpforms-9-field_10-container\" class=\"wpforms-field wpforms-field-radio\" data-field-id=\"10\"><fieldset><legend class=\"wpforms-field-label\">\u00bfCu\u00e1nto gasta mensualmente, en promedio, por cada mascota (alimento, salud, est\u00e9tica)?<\/legend><ul id=\"wpforms-9-field_10\"><li class=\"choice-1 depth-1\"><input type=\"radio\" id=\"wpforms-9-field_10_1\" name=\"wpforms[fields][10]\" value=\"Menos de $30.000\" aria-errormessage=\"wpforms-9-field_10_1-error\" aria-describedby=\"wpforms-9-field_10-description\"  ><label class=\"wpforms-field-label-inline\" for=\"wpforms-9-field_10_1\">Menos de $30.000<\/label><\/li><li class=\"choice-2 depth-1\"><input type=\"radio\" id=\"wpforms-9-field_10_2\" name=\"wpforms[fields][10]\" value=\"Entre $30.000 y $60.000\" aria-errormessage=\"wpforms-9-field_10_2-error\" aria-describedby=\"wpforms-9-field_10-description\"  ><label class=\"wpforms-field-label-inline\" for=\"wpforms-9-field_10_2\">Entre $30.000 y $60.000<\/label><\/li><li class=\"choice-3 depth-1\"><input type=\"radio\" id=\"wpforms-9-field_10_3\" name=\"wpforms[fields][10]\" value=\"Entre $60.000 y $100.000\" aria-errormessage=\"wpforms-9-field_10_3-error\" aria-describedby=\"wpforms-9-field_10-description\"  ><label class=\"wpforms-field-label-inline\" for=\"wpforms-9-field_10_3\">Entre $60.000 y $100.000<\/label><\/li><li class=\"choice-4 depth-1\"><input type=\"radio\" id=\"wpforms-9-field_10_4\" name=\"wpforms[fields][10]\" value=\"M\u00e1s de $100.000\" aria-errormessage=\"wpforms-9-field_10_4-error\" aria-describedby=\"wpforms-9-field_10-description\"  ><label class=\"wpforms-field-label-inline\" for=\"wpforms-9-field_10_4\">M\u00e1s de $100.000<\/label><\/li><\/ul><div id=\"wpforms-9-field_10-description\" class=\"wpforms-field-description\">Debes elegir solo una opci\u00f3n para avanzar<\/div><\/fieldset><\/div><script>\n\t\t\t\t( function() {\n\t\t\t\t\tconst style = document.createElement( 'style' );\n\t\t\t\t\tstyle.appendChild( document.createTextNode( '#wpforms-9-field_1-container { position: absolute !important; overflow: hidden !important; display: inline !important; height: 1px !important; width: 1px !important; z-index: -1000 !important; padding: 0 !important; } #wpforms-9-field_1-container input { visibility: hidden; } #wpforms-conversational-form-page #wpforms-9-field_1-container label { counter-increment: none; }' ) );\n\t\t\t\t\tdocument.head.appendChild( style );\n\t\t\t\t\tdocument.currentScript?.remove();\n\t\t\t\t} )();\n\t\t\t<\/script><\/div><!-- .wpforms-field-container --><div class=\"wpforms-submit-container\" ><input type=\"hidden\" name=\"wpforms[id]\" value=\"9\"><input type=\"hidden\" name=\"page_title\" value=\"\"><input type=\"hidden\" name=\"page_url\" value=\"https:\/\/pataporte.cl\/index.php?rest_route=\/wp\/v2\/pages\/2\"><input type=\"hidden\" name=\"url_referer\" value=\"\"><button type=\"submit\" name=\"wpforms[submit]\" id=\"wpforms-submit-9\" class=\"wpforms-submit\" data-alt-text=\"Enviando...\" data-submit-text=\"Enviar\" aria-live=\"assertive\" value=\"wpforms-submit\">Enviar<\/button><img loading=\"lazy\" decoding=\"async\" src=\"https:\/\/pataporte.cl\/wp-content\/plugins\/wpforms-lite\/assets\/images\/submit-spin.svg\" class=\"wpforms-submit-spinner\" style=\"display: none;\" width=\"26\" height=\"26\" alt=\"Cargando\"><\/div><\/form><\/div>  <!-- .wpforms-container -->","protected":false},"excerpt":{"rendered":"<p>Agradecemos much\u00edsimo tu tiempo en responder esta encuesta. Te prometemos que no te tomar\u00e1 m\u00e1s de 2 minutos! Recuerda que nos ayudar\u00eda much\u00edsimo que compartas esta encuesta con tus amigos y conocidos.<\/p>\n","protected":false},"author":1,"featured_media":0,"parent":0,"menu_order":0,"comment_status":"closed","ping_status":"closed","template":"","meta":{"footnotes":""},"class_list":["post-2","page","type-page","status-publish","hentry"],"_links":{"self":[{"href":"https:\/\/pataporte.cl\/index.php?rest_route=\/wp\/v2\/pages\/2","targetHints":{"allow":["GET"]}}],"collection":[{"href":"https:\/\/pataporte.cl\/index.php?rest_route=\/wp\/v2\/pages"}],"about":[{"href":"https:\/\/pataporte.cl\/index.php?rest_route=\/wp\/v2\/types\/page"}],"author":[{"embeddable":true,"href":"https:\/\/pataporte.cl\/index.php?rest_route=\/wp\/v2\/users\/1"}],"replies":[{"embeddable":true,"href":"https:\/\/pataporte.cl\/index.php?rest_route=%2Fwp%2Fv2%2Fcomments&post=2"}],"version-history":[{"count":4,"href":"https:\/\/pataporte.cl\/index.php?rest_route=\/wp\/v2\/pages\/2\/revisions"}],"predecessor-version":[{"id":16,"href":"https:\/\/pataporte.cl\/index.php?rest_route=\/wp\/v2\/pages\/2\/revisions\/16"}],"wp:attachment":[{"href":"https:\/\/pataporte.cl\/index.php?rest_route=%2Fwp%2Fv2%2Fmedia&parent=2"}],"curies":[{"name":"wp","href":"https:\/\/api.w.org\/{rel}","templated":true}]}}